{"id":5,"date":"2016-09-05T12:34:09","date_gmt":"2016-09-05T12:34:09","guid":{"rendered":"http:\/\/demos.artbees.net\/jupiter5\/ammon\/?page_id=5"},"modified":"2018-11-28T12:57:03","modified_gmt":"2018-11-28T17:57:03","slug":"home","status":"publish","type":"page","link":"https:\/\/www.cavadelosamigos.com.mx\/","title":{"rendered":"Inicio"},"content":{"rendered":"[mk_page_section bg_image=\u00bbhttp:\/\/www.cavadelosamigos.com.mx\/wp-content\/uploads\/2018\/09\/dsc4062-compressor.jpg\u00bb attachment=\u00bbfixed\u00bb bg_position=\u00bbcenter center\u00bb bg_repeat=\u00bbno-repeat\u00bb bg_stretch=\u00bbtrue\u00bb enable_3d=\u00bbtrue\u00bb video_color_mask=\u00bbrgba(0,0,0,0.5)\u00bb video_opacity=\u00bb1&#8243; full_height=\u00bbtrue\u00bb sidebar=\u00bbsidebar-1&#8243;][vc_column][mk_padding_divider][mk_image src=\u00bbhttp:\/\/www.cavadelosamigos.com.mx\/wp-content\/uploads\/2018\/09\/recurso-3logo.png\u00bb image_size=\u00bbfull\u00bb align=\u00bbcenter\u00bb][mk_fancy_title tag_name=\u00bbh1&#8243; color=\u00bb#ffffff\u00bb size=\u00bb19&#8243; force_font_size=\u00bbtrue\u00bb size_tablet=\u00bb40&#8243; size_phone=\u00bb25&#8243; font_weight=\u00bb400&#8243; font_style=\u00bbitalic\u00bb txt_transform=\u00bbnone\u00bb font_family=\u00bbPT+Serif\u00bb font_type=\u00bbgoogle\u00bb]\n<p style=\"text-align: center;\"><em>Les ofrecemos una selecci\u00f3n de vinos que por su aroma, sabor y calidad han sido seleccionados para ustedes.<\/em><\/p>\n[\/mk_fancy_title][mk_button dimension=\u00bboutline\u00bb size=\u00bbx-large\u00bb url=\u00bb#descubre\u00bb align=\u00bbcenter\u00bb margin_bottom=\u00bb5&#8243; margin_right=\u00bb0&#8243; outline_skin=\u00bblight\u00bb]Descubre m\u00e1s[\/mk_button][\/vc_column][\/mk_page_section][mk_page_section bg_image=\u00bbhttp:\/\/www.cavadelosamigos.com.mx\/wp-content\/uploads\/2018\/09\/pexels-photo-935240.jpeg\u00bb bg_position=\u00bbcenter center\u00bb bg_repeat=\u00bbno-repeat\u00bb min_height=\u00bb588&#8243; sidebar=\u00bbsidebar-1&#8243;][vc_column][vc_row_inner visibility=\u00bbvisible-dt\u00bb el_id=\u00bbdescubre\u00bb][vc_column_inner width=\u00bb1\/4&#8243;][\/vc_column_inner][vc_column_inner width=\u00bb3\/4&#8243;][mk_padding_divider size=\u00bb160&#8243;][mk_fancy_title tag_name=\u00bbh1&#8243; size=\u00bb48&#8243; force_font_size=\u00bbtrue\u00bb size_tablet=\u00bb40&#8243; size_phone=\u00bb25&#8243; font_weight=\u00bbbold\u00bb txt_transform=\u00bbnone\u00bb font_family=\u00bbPT+Serif\u00bb font_type=\u00bbgoogle\u00bb]Bienvenido a[\/mk_fancy_title][mk_image src=\u00bbhttp:\/\/www.cavadelosamigos.com.mx\/wp-content\/uploads\/2018\/11\/recurso-7logo.png\u00bb image_size=\u00bbfull\u00bb][vc_column_text disable_pattern=\u00bbfalse\u00bb css=\u00bb.vc_custom_1537394402472{margin-bottom: 0px !important;}\u00bb]M\u00e1s de 10 a\u00f1os de experiencia ofreciendo a nuestros clientes la mejor selecci\u00f3n de vinos con una amplia variedad, los cuales son almacenados en \u00f3ptimas condiciones de conservaci\u00f3n para su satisfacci\u00f3n.[\/vc_column_text][\/vc_column_inner][\/vc_row_inner][\/vc_column][\/mk_page_section][vc_row fullwidth=\u00bbtrue\u00bb][vc_column css=\u00bb.vc_custom_1537395962686{background-image: url(http:\/\/www.cavadelosamigos.com.mx\/wp-content\/uploads\/2018\/09\/sin-ttulo-2-1.jpg?id=178) !important;background-position: 0 0 !important;background-repeat: no-repeat !important;}\u00bb][vc_row_inner][vc_column_inner width=\u00bb1\/2&#8243;][\/vc_column_inner][vc_column_inner width=\u00bb1\/2&#8243;][mk_padding_divider size=\u00bb240&#8243;][mk_custom_box padding_vertical=\u00bb170&#8243; padding_horizental=\u00bb40&#8243; bg_color=\u00bb#681515&#8243; bg_position=\u00bbright center\u00bb][mk_fancy_title tag_name=\u00bbh3&#8243; color=\u00bb#ffffff\u00bb size=\u00bb30&#8243; force_font_size=\u00bbtrue\u00bb size_tablet=\u00bb40&#8243; size_phone=\u00bb25&#8243; font_weight=\u00bbbold\u00bb txt_transform=\u00bbnone\u00bb font_family=\u00bbPT+Serif\u00bb font_type=\u00bbgoogle\u00bb]Vino del mes[\/mk_fancy_title][mk_fancy_title tag_name=\u00bbh3&#8243; color=\u00bb#ffffff\u00bb size=\u00bb48&#8243; force_font_size=\u00bbtrue\u00bb size_tablet=\u00bb40&#8243; size_phone=\u00bb25&#8243; font_weight=\u00bbbold\u00bb txt_transform=\u00bbnone\u00bb font_family=\u00bbPT+Serif\u00bb font_type=\u00bbgoogle\u00bb]La Fleur de Bo\u00fcard[\/mk_fancy_title][vc_column_text disable_pattern=\u00bbfalse\u00bb margin_bottom=\u00bb20&#8243; css=\u00bb.vc_custom_1541722478610{margin-bottom: 20px !important;}\u00bb]<span style=\"color: #ffffff;\">Sabores tostados, acentos obscuros de ciruela y moras, con algunas notas de cedro y chocolate.<br \/>\nPara finalizar tiene un arm\u00f3nico toque tostado.<br \/>\n<\/span>[\/vc_column_text][mk_button dimension=\u00bboutline\u00bb size=\u00bblarge\u00bb url=\u00bbhttp:\/\/www.cavadelosamigos.com.mx\/index.php\/la-fleur-de-bouard\/\u00bb outline_skin=\u00bblight\u00bb]Aprende m\u00e1s[\/mk_button][\/mk_custom_box][\/vc_column_inner][\/vc_row_inner][\/vc_column][\/vc_row][mk_page_section][vc_column][mk_padding_divider size=\u00bb120&#8243;][mk_fancy_title tag_name=\u00bbh1&#8243; size=\u00bb48&#8243; force_font_size=\u00bbtrue\u00bb size_tablet=\u00bb40&#8243; size_phone=\u00bb25&#8243; font_weight=\u00bbbold\u00bb txt_transform=\u00bbnone\u00bb font_family=\u00bbPT+Serif\u00bb font_type=\u00bbgoogle\u00bb]<span style=\"color: #7a3102;\">Nuestros vinos<\/span>[\/mk_fancy_title][\/vc_column][\/mk_page_section][mk_page_section][vc_column width=\u00bb1\/4&#8243;][mk_image src=\u00bbhttp:\/\/www.cavadelosamigos.com.mx\/wp-content\/uploads\/2018\/09\/gevrey-chambertin-vieilles-vignes.jpg\u00bb image_size=\u00bbfull\u00bb link=\u00bbhttp:\/\/www.cavadelosamigos.com.mx\/index.php\/gevrey-chambertin-vieilles-vignes-2010\/\u00bb title=\u00bbGevrey Chambertin Vieilles Vignes 2010 \u2013 750ml\u00bb caption_location=\u00bboutside-image\u00bb align=\u00bbcenter\u00bb margin_bottom=\u00bb0&#8243;][\/vc_column][vc_column width=\u00bb1\/4&#8243;][mk_image src=\u00bbhttp:\/\/www.cavadelosamigos.com.mx\/wp-content\/uploads\/2018\/09\/champagne-delamotte-blanc-de-blancs.jpg\u00bb image_size=\u00bbfull\u00bb link=\u00bbhttp:\/\/www.cavadelosamigos.com.mx\/index.php\/champagne-delamotte-blanc-de-blancs\/\u00bb title=\u00bbChampagne De La Motte Blanc de Blancs\u00bb caption_location=\u00bboutside-image\u00bb align=\u00bbcenter\u00bb margin_bottom=\u00bb0&#8243;][\/vc_column][vc_column width=\u00bb1\/4&#8243;][mk_image src=\u00bbhttp:\/\/www.cavadelosamigos.com.mx\/wp-content\/uploads\/2018\/09\/le-lion-la-fleur-de-bouard-2014.png\u00bb image_size=\u00bbfull\u00bb link=\u00bbhttp:\/\/www.cavadelosamigos.com.mx\/index.php\/le-lion-de-la-fleur-de-bouard\/\u00bb title=\u00bbLe Lion de la Fleur de Bo\u00fcard &#8211; 2014 &#8211; 750 ml\u00bb caption_location=\u00bboutside-image\u00bb align=\u00bbcenter\u00bb margin_bottom=\u00bb0&#8243;][\/vc_column][vc_column width=\u00bb1\/4&#8243;][mk_image src=\u00bbhttp:\/\/www.cavadelosamigos.com.mx\/wp-content\/uploads\/2018\/09\/domaine-richeaume-2009-750-ml.jpg\u00bb image_size=\u00bbfull\u00bb link=\u00bbhttp:\/\/www.cavadelosamigos.com.mx\/index.php\/cuvee-tradition-red-domaine-richeaume\/\u00bb title=\u00bbDomaine Richeaume 2009 \u2013 750 ml\u00bb caption_location=\u00bboutside-image\u00bb align=\u00bbcenter\u00bb margin_bottom=\u00bb0&#8243;][\/vc_column][\/mk_page_section][vc_row][vc_column][mk_button dimension=\u00bboutline\u00bb size=\u00bblarge\u00bb url=\u00bbhttp:\/\/www.cavadelosamigos.com.mx\/index.php\/vinos\/\u00bb align=\u00bbcenter\u00bb margin_top=\u00bb20&#8243;]Conoce m\u00e1s[\/mk_button][mk_padding_divider size=\u00bb120&#8243;][\/vc_column][\/vc_row][mk_page_section][vc_column][mk_fancy_title tag_name=\u00bbh1&#8243; size=\u00bb48&#8243; force_font_size=\u00bbtrue\u00bb size_tablet=\u00bb40&#8243; size_phone=\u00bb25&#8243; font_weight=\u00bbbold\u00bb txt_transform=\u00bbnone\u00bb font_family=\u00bbPT+Serif\u00bb font_type=\u00bbgoogle\u00bb]\n<p style=\"text-align: center;\"><span style=\"color: #7a3102;\">\u00bfC\u00f3mo solicitar?<\/span><\/p>\n[\/mk_fancy_title][vc_column_text disable_pattern=\u00bbfalse\u00bb margin_bottom=\u00bb20&#8243; css=\u00bb.vc_custom_1543427660474{margin-bottom: 20px !important;}\u00bb]\n<p style=\"text-align: center;\">\u00danicamente se pueden solicitar los vinos por caja cerrada.<\/p>\n[\/vc_column_text][\/vc_column][\/mk_page_section][vc_row][vc_column width=\u00bb1\/4&#8243;][mk_fancy_title size=\u00bb100&#8243; margin_bottom=\u00bb0&#8243; font_family=\u00bbnone\u00bb]\n<p style=\"text-align: right;\">1<\/p>\n[\/mk_fancy_title][\/vc_column][vc_column width=\u00bb3\/4&#8243;][mk_padding_divider size=\u00bb23&#8243;][vc_column_text disable_pattern=\u00bbfalse\u00bb margin_bottom=\u00bb20&#8243; css=\u00bb.vc_custom_1543427716398{margin-bottom: 20px !important;}\u00bb]Env\u00edenos v\u00eda e-mail a ventas@cavadelosamigos.com.mx su solicitud por caja.\u00a0Nosotros le enviaremos una confirmaci\u00f3n de su disponibilidad.[\/vc_column_text][\/vc_column][\/vc_row][vc_row][vc_column width=\u00bb1\/4&#8243;][mk_fancy_title size=\u00bb100&#8243; margin_bottom=\u00bb0&#8243; font_family=\u00bbnone\u00bb]\n<p style=\"text-align: right;\">2<\/p>\n[\/mk_fancy_title][\/vc_column][vc_column width=\u00bb3\/4&#8243;][mk_padding_divider size=\u00bb23&#8243;][vc_column_text disable_pattern=\u00bbfalse\u00bb margin_bottom=\u00bb20&#8243; css=\u00bb.vc_custom_1543427790630{margin-bottom: 20px !important;}\u00bb]Posteriormente, se realiza el dep\u00f3sito y se manda el comprobante del mismo a ventas@cavadelosamigos.com.mx.\u00a0Cobertura en Ciudad de M\u00e9xico y \u00e1rea metropolitana sin costo.[\/vc_column_text][\/vc_column][\/vc_row][vc_row][vc_column width=\u00bb1\/4&#8243;][mk_fancy_title size=\u00bb100&#8243; margin_bottom=\u00bb0&#8243; font_family=\u00bbnone\u00bb]\n<p style=\"text-align: right;\">3<\/p>\n[\/mk_fancy_title][\/vc_column][vc_column width=\u00bb3\/4&#8243;][mk_padding_divider size=\u00bb23&#8243;][vc_column_text disable_pattern=\u00bbfalse\u00bb margin_bottom=\u00bb20&#8243; css=\u00bb.vc_custom_1543427783901{margin-bottom: 20px !important;}\u00bb]Finalmente, se hace el env\u00edo de su pedido a su oficina o domicilio seg\u00fan nos indique.[\/vc_column_text][\/vc_column][\/vc_row][vc_row][vc_column][mk_padding_divider size=\u00bb120&#8243;][\/vc_column][\/vc_row][vc_row fullwidth=\u00bbtrue\u00bb css=\u00bb.vc_custom_1537415140514{background-image: url(http:\/\/www.cavadelosamigos.com.mx\/wp-content\/uploads\/2018\/09\/sin-ttulo-4-1.jpg?id=250) !important;}\u00bb][vc_column][mk_padding_divider size=\u00bb190&#8243;][mk_button dimension=\u00bboutline\u00bb size=\u00bbx-large\u00bb url=\u00bbhttp:\/\/www.cavadelosamigos.com.mx\/index.php\/contact\/\u00bb align=\u00bbcenter\u00bb margin_bottom=\u00bb5&#8243; margin_right=\u00bb0&#8243; outline_skin=\u00bblight\u00bb]Cont\u00e1ctanos[\/mk_button][mk_padding_divider size=\u00bb190&#8243;][\/vc_column][\/vc_row]\n","protected":false},"excerpt":{"rendered":"<p>[mk_page_section bg_image=\u00bbhttp:\/\/www.cavadelosamigos.com.mx\/wp-content\/uploads\/2018\/09\/dsc4062-compressor.jpg\u00bb attachment=\u00bbfixed\u00bb bg_position=\u00bbcenter center\u00bb bg_repeat=\u00bbno-repeat\u00bb bg_stretch=\u00bbtrue\u00bb enable_3d=\u00bbtrue\u00bb video_color_mask=\u00bbrgba(0,0,0,0.5)\u00bb video_opacity=\u00bb1&#8243; full_height=\u00bbtrue\u00bb sidebar=\u00bbsidebar-1&#8243;][vc_column][mk_padding_divider][mk_image src=\u00bbhttp:\/\/www.cavadelosamigos.com.mx\/wp-content\/uploads\/2018\/09\/recurso-3logo.png\u00bb image_size=\u00bbfull\u00bb align=\u00bbcenter\u00bb][mk_fancy_title tag_name=\u00bbh1&#8243; color=\u00bb#ffffff\u00bb size=\u00bb19&#8243; force_font_size=\u00bbtrue\u00bb size_tablet=\u00bb40&#8243; size_phone=\u00bb25&#8243; font_weight=\u00bb400&#8243; font_style=\u00bbitalic\u00bb txt_transform=\u00bbnone\u00bb font_family=\u00bbPT+Serif\u00bb font_type=\u00bbgoogle\u00bb] Les ofrecemos una selecci\u00f3n de vinos que por su aroma, sabor y calidad han sido seleccionados para ustedes. [\/mk_fancy_title][mk_button dimension=\u00bboutline\u00bb size=\u00bbx-large\u00bb url=\u00bb#descubre\u00bb align=\u00bbcenter\u00bb margin_bottom=\u00bb5&#8243; margin_right=\u00bb0&#8243; outline_skin=\u00bblight\u00bb]Descubre m\u00e1s[\/mk_button][\/vc_column][\/mk_page_section][mk_page_section bg_image=\u00bbhttp:\/\/www.cavadelosamigos.com.mx\/wp-content\/uploads\/2018\/09\/pexels-photo-935240.jpeg\u00bb bg_position=\u00bbcenter [&hellip;]<\/p>\n","protected":false},"author":2,"featured_media":0,"parent":0,"menu_order":0,"comment_status":"closed","ping_status":"closed","template":"","meta":[],"_links":{"self":[{"href":"https:\/\/www.cavadelosamigos.com.mx\/index.php\/wp-json\/wp\/v2\/pages\/5"}],"collection":[{"href":"https:\/\/www.cavadelosamigos.com.mx\/index.php\/wp-json\/wp\/v2\/pages"}],"about":[{"href":"https:\/\/www.cavadelosamigos.com.mx\/index.php\/wp-json\/wp\/v2\/types\/page"}],"author":[{"embeddable":true,"href":"https:\/\/www.cavadelosamigos.com.mx\/index.php\/wp-json\/wp\/v2\/users\/2"}],"replies":[{"embeddable":true,"href":"https:\/\/www.cavadelosamigos.com.mx\/index.php\/wp-json\/wp\/v2\/comments?post=5"}],"version-history":[{"count":102,"href":"https:\/\/www.cavadelosamigos.com.mx\/index.php\/wp-json\/wp\/v2\/pages\/5\/revisions"}],"predecessor-version":[{"id":597,"href":"https:\/\/www.cavadelosamigos.com.mx\/index.php\/wp-json\/wp\/v2\/pages\/5\/revisions\/597"}],"wp:attachment":[{"href":"https:\/\/www.cavadelosamigos.com.mx\/index.php\/wp-json\/wp\/v2\/media?parent=5"}],"curies":[{"name":"wp","href":"https:\/\/api.w.org\/{rel}","templated":true}]}}